{"id":7170,"date":"2025-04-16T09:27:09","date_gmt":"2025-04-16T09:27:09","guid":{"rendered":"https:\/\/www.clinicaosteopatica.com\/?post_type=product&#038;p=7170"},"modified":"2025-04-16T10:11:07","modified_gmt":"2025-04-16T10:11:07","slug":"ultra-shark-cartilage","status":"publish","type":"product","link":"https:\/\/www.clinicaosteopatica.com\/en\/product\/ultra-shark-cartilage\/","title":{"rendered":"Ultra Shark, shark cartilage"},"content":{"rendered":"","protected":false},"excerpt":{"rendered":"<p style=\"font-weight: 400;\"><strong>400 capsules<\/strong><\/p>\n<p style=\"font-weight: 400;\"><strong>Ultra Shark Plus For<\/strong><strong>mula<\/strong> Ultra Shark, a supplement based on shark cartilage, collagen, magnesium, and hyaluronic acid that contributes to joint well-being. Ideal for active people or those with joint wear.<\/p>\n","protected":false},"featured_media":7178,"template":"","meta":[],"product_brand":[],"product_cat":[69],"product_tag":[],"class_list":{"0":"post-7170","1":"product","2":"type-product","3":"status-publish","4":"has-post-thumbnail","6":"product_cat-products","8":"first","9":"instock","10":"featured","11":"taxable","12":"shipping-taxable","13":"purchasable","14":"product-type-simple"},"yoast_head":"<!-- This site is optimized with the Yoast SEO plugin v27.3 - https:\/\/yoast.com\/product\/yoast-seo-wordpress\/ -->\n<title>Ultra Shark, shark cartilage - Cl\u00ednica Osteop\u00e1tica Dr David Ponce<\/title>\n<meta name=\"description\" content=\"Ultra Shark, a supplement based on shark cartilage, collagen, magnesium, and hyaluronic acid that contributes to joint well-being.\" \/>\n<meta name=\"robots\" content=\"index, follow, max-snippet:-1, max-image-preview:large, max-video-preview:-1\" \/>\n<link rel=\"canonical\" href=\"https:\/\/www.clinicaosteopatica.com\/en\/product\/ultra-shark-cartilage\/\" \/>\n<meta property=\"og:locale\" content=\"en_US\" \/>\n<meta property=\"og:type\" content=\"article\" \/>\n<meta property=\"og:title\" content=\"Ultra Shark, shark cartilage - Cl\u00ednica Osteop\u00e1tica Dr David Ponce\" \/>\n<meta property=\"og:description\" content=\"Ultra Shark, a supplement based on shark cartilage, collagen, magnesium, and hyaluronic acid that contributes to joint well-being.\" \/>\n<meta property=\"og:url\" content=\"https:\/\/www.clinicaosteopatica.com\/en\/product\/ultra-shark-cartilage\/\" \/>\n<meta property=\"og:site_name\" content=\"Cl\u00ednica Osteop\u00e1tica Dr David Ponce\" \/>\n<meta property=\"article:modified_time\" content=\"2025-04-16T10:11:07+00:00\" \/>\n<meta property=\"og:image\" content=\"https:\/\/www.sitemap.clinicaosteopatica.com\/wp-content\/uploads\/2025\/04\/ultra-shark-cartilago-magnesio-1.jpg\" \/>\n\t<meta property=\"og:image:width\" content=\"800\" \/>\n\t<meta property=\"og:image:height\" content=\"800\" \/>\n\t<meta property=\"og:image:type\" content=\"image\/jpeg\" \/>\n<meta name=\"twitter:card\" content=\"summary_large_image\" \/>\n<script type=\"application\/ld+json\" class=\"yoast-schema-graph\">{\"@context\":\"https:\\\/\\\/schema.org\",\"@graph\":[{\"@type\":\"WebPage\",\"@id\":\"https:\\\/\\\/www.clinicaosteopatica.com\\\/en\\\/product\\\/ultra-shark-cartilage\\\/\",\"url\":\"https:\\\/\\\/www.clinicaosteopatica.com\\\/en\\\/product\\\/ultra-shark-cartilage\\\/\",\"name\":\"Ultra Shark, shark cartilage - Cl\u00ednica Osteop\u00e1tica Dr David Ponce\",\"isPartOf\":{\"@id\":\"https:\\\/\\\/www.clinicaosteopatica.com\\\/en\\\/#website\"},\"primaryImageOfPage\":{\"@id\":\"https:\\\/\\\/www.clinicaosteopatica.com\\\/en\\\/product\\\/ultra-shark-cartilage\\\/#primaryimage\"},\"image\":{\"@id\":\"https:\\\/\\\/www.clinicaosteopatica.com\\\/en\\\/product\\\/ultra-shark-cartilage\\\/#primaryimage\"},\"thumbnailUrl\":\"https:\\\/\\\/www.clinicaosteopatica.com\\\/wp-content\\\/uploads\\\/2025\\\/04\\\/ultra-shark-cartilago-magnesio-1.jpg\",\"datePublished\":\"2025-04-16T09:27:09+00:00\",\"dateModified\":\"2025-04-16T10:11:07+00:00\",\"description\":\"Ultra Shark, a supplement based on shark cartilage, collagen, magnesium, and hyaluronic acid that contributes to joint well-being.\",\"breadcrumb\":{\"@id\":\"https:\\\/\\\/www.clinicaosteopatica.com\\\/en\\\/product\\\/ultra-shark-cartilage\\\/#breadcrumb\"},\"inLanguage\":\"en-US\",\"potentialAction\":[{\"@type\":\"ReadAction\",\"target\":[\"https:\\\/\\\/www.clinicaosteopatica.com\\\/en\\\/product\\\/ultra-shark-cartilage\\\/\"]}]},{\"@type\":\"ImageObject\",\"inLanguage\":\"en-US\",\"@id\":\"https:\\\/\\\/www.clinicaosteopatica.com\\\/en\\\/product\\\/ultra-shark-cartilage\\\/#primaryimage\",\"url\":\"https:\\\/\\\/www.clinicaosteopatica.com\\\/wp-content\\\/uploads\\\/2025\\\/04\\\/ultra-shark-cartilago-magnesio-1.jpg\",\"contentUrl\":\"https:\\\/\\\/www.clinicaosteopatica.com\\\/wp-content\\\/uploads\\\/2025\\\/04\\\/ultra-shark-cartilago-magnesio-1.jpg\",\"width\":800,\"height\":800,\"caption\":\"ultra shark cart\u00edlago de tibur\u00f3n col\u00e1geno y magnesio\"},{\"@type\":\"BreadcrumbList\",\"@id\":\"https:\\\/\\\/www.clinicaosteopatica.com\\\/en\\\/product\\\/ultra-shark-cartilage\\\/#breadcrumb\",\"itemListElement\":[{\"@type\":\"ListItem\",\"position\":1,\"name\":\"Home\",\"item\":\"https:\\\/\\\/www.clinicaosteopatica.com\\\/en\\\/\"},{\"@type\":\"ListItem\",\"position\":2,\"name\":\"Products\",\"item\":\"https:\\\/\\\/www.clinicaosteopatica.com\\\/en\\\/shop\\\/\"},{\"@type\":\"ListItem\",\"position\":3,\"name\":\"Ultra Shark, shark cartilage\"}]},{\"@type\":\"WebSite\",\"@id\":\"https:\\\/\\\/www.clinicaosteopatica.com\\\/en\\\/#website\",\"url\":\"https:\\\/\\\/www.clinicaosteopatica.com\\\/en\\\/\",\"name\":\"Cl\u00ednica Osteop\u00e1tica Dr David Ponce\",\"description\":\"La primera Cl\u00ednica Integrativa de Osteopat\u00eda en Barcelona\",\"publisher\":{\"@id\":\"https:\\\/\\\/www.clinicaosteopatica.com\\\/en\\\/#organization\"},\"potentialAction\":[{\"@type\":\"SearchAction\",\"target\":{\"@type\":\"EntryPoint\",\"urlTemplate\":\"https:\\\/\\\/www.clinicaosteopatica.com\\\/en\\\/?s={search_term_string}\"},\"query-input\":{\"@type\":\"PropertyValueSpecification\",\"valueRequired\":true,\"valueName\":\"search_term_string\"}}],\"inLanguage\":\"en-US\"},{\"@type\":\"Organization\",\"@id\":\"https:\\\/\\\/www.clinicaosteopatica.com\\\/en\\\/#organization\",\"name\":\"Cl\u00ednica Osteop\u00e1tica Dr David Ponce\",\"url\":\"https:\\\/\\\/www.clinicaosteopatica.com\\\/en\\\/\",\"logo\":{\"@type\":\"ImageObject\",\"inLanguage\":\"en-US\",\"@id\":\"https:\\\/\\\/www.clinicaosteopatica.com\\\/en\\\/#\\\/schema\\\/logo\\\/image\\\/\",\"url\":\"https:\\\/\\\/www.clinicaosteopatica.com\\\/wp-content\\\/uploads\\\/2023\\\/07\\\/LOGO-POSITIVO.jpg\",\"contentUrl\":\"https:\\\/\\\/www.clinicaosteopatica.com\\\/wp-content\\\/uploads\\\/2023\\\/07\\\/LOGO-POSITIVO.jpg\",\"width\":1280,\"height\":577,\"caption\":\"Cl\u00ednica Osteop\u00e1tica Dr David Ponce\"},\"image\":{\"@id\":\"https:\\\/\\\/www.clinicaosteopatica.com\\\/en\\\/#\\\/schema\\\/logo\\\/image\\\/\"}}]}<\/script>\n<!-- \/ Yoast SEO plugin. -->","yoast_head_json":{"title":"Ultra Shark, shark cartilage - Cl\u00ednica Osteop\u00e1tica Dr David Ponce","description":"Ultra Shark, a supplement based on shark cartilage, collagen, magnesium, and hyaluronic acid that contributes to joint well-being.","robots":{"index":"index","follow":"follow","max-snippet":"max-snippet:-1","max-image-preview":"max-image-preview:large","max-video-preview":"max-video-preview:-1"},"canonical":"https:\/\/www.clinicaosteopatica.com\/en\/product\/ultra-shark-cartilage\/","og_locale":"en_US","og_type":"article","og_title":"Ultra Shark, shark cartilage - Cl\u00ednica Osteop\u00e1tica Dr David Ponce","og_description":"Ultra Shark, a supplement based on shark cartilage, collagen, magnesium, and hyaluronic acid that contributes to joint well-being.","og_url":"https:\/\/www.clinicaosteopatica.com\/en\/product\/ultra-shark-cartilage\/","og_site_name":"Cl\u00ednica Osteop\u00e1tica Dr David Ponce","article_modified_time":"2025-04-16T10:11:07+00:00","og_image":[{"width":800,"height":800,"url":"https:\/\/www.sitemap.clinicaosteopatica.com\/wp-content\/uploads\/2025\/04\/ultra-shark-cartilago-magnesio-1.jpg","type":"image\/jpeg"}],"twitter_card":"summary_large_image","schema":{"@context":"https:\/\/schema.org","@graph":[{"@type":"WebPage","@id":"https:\/\/www.clinicaosteopatica.com\/en\/product\/ultra-shark-cartilage\/","url":"https:\/\/www.clinicaosteopatica.com\/en\/product\/ultra-shark-cartilage\/","name":"Ultra Shark, shark cartilage - Cl\u00ednica Osteop\u00e1tica Dr David Ponce","isPartOf":{"@id":"https:\/\/www.clinicaosteopatica.com\/en\/#website"},"primaryImageOfPage":{"@id":"https:\/\/www.clinicaosteopatica.com\/en\/product\/ultra-shark-cartilage\/#primaryimage"},"image":{"@id":"https:\/\/www.clinicaosteopatica.com\/en\/product\/ultra-shark-cartilage\/#primaryimage"},"thumbnailUrl":"https:\/\/www.clinicaosteopatica.com\/wp-content\/uploads\/2025\/04\/ultra-shark-cartilago-magnesio-1.jpg","datePublished":"2025-04-16T09:27:09+00:00","dateModified":"2025-04-16T10:11:07+00:00","description":"Ultra Shark, a supplement based on shark cartilage, collagen, magnesium, and hyaluronic acid that contributes to joint well-being.","breadcrumb":{"@id":"https:\/\/www.clinicaosteopatica.com\/en\/product\/ultra-shark-cartilage\/#breadcrumb"},"inLanguage":"en-US","potentialAction":[{"@type":"ReadAction","target":["https:\/\/www.clinicaosteopatica.com\/en\/product\/ultra-shark-cartilage\/"]}]},{"@type":"ImageObject","inLanguage":"en-US","@id":"https:\/\/www.clinicaosteopatica.com\/en\/product\/ultra-shark-cartilage\/#primaryimage","url":"https:\/\/www.clinicaosteopatica.com\/wp-content\/uploads\/2025\/04\/ultra-shark-cartilago-magnesio-1.jpg","contentUrl":"https:\/\/www.clinicaosteopatica.com\/wp-content\/uploads\/2025\/04\/ultra-shark-cartilago-magnesio-1.jpg","width":800,"height":800,"caption":"ultra shark cart\u00edlago de tibur\u00f3n col\u00e1geno y magnesio"},{"@type":"BreadcrumbList","@id":"https:\/\/www.clinicaosteopatica.com\/en\/product\/ultra-shark-cartilage\/#breadcrumb","itemListElement":[{"@type":"ListItem","position":1,"name":"Home","item":"https:\/\/www.clinicaosteopatica.com\/en\/"},{"@type":"ListItem","position":2,"name":"Products","item":"https:\/\/www.clinicaosteopatica.com\/en\/shop\/"},{"@type":"ListItem","position":3,"name":"Ultra Shark, shark cartilage"}]},{"@type":"WebSite","@id":"https:\/\/www.clinicaosteopatica.com\/en\/#website","url":"https:\/\/www.clinicaosteopatica.com\/en\/","name":"Cl\u00ednica Osteop\u00e1tica Dr David Ponce","description":"La primera Cl\u00ednica Integrativa de Osteopat\u00eda en Barcelona","publisher":{"@id":"https:\/\/www.clinicaosteopatica.com\/en\/#organization"},"potentialAction":[{"@type":"SearchAction","target":{"@type":"EntryPoint","urlTemplate":"https:\/\/www.clinicaosteopatica.com\/en\/?s={search_term_string}"},"query-input":{"@type":"PropertyValueSpecification","valueRequired":true,"valueName":"search_term_string"}}],"inLanguage":"en-US"},{"@type":"Organization","@id":"https:\/\/www.clinicaosteopatica.com\/en\/#organization","name":"Cl\u00ednica Osteop\u00e1tica Dr David Ponce","url":"https:\/\/www.clinicaosteopatica.com\/en\/","logo":{"@type":"ImageObject","inLanguage":"en-US","@id":"https:\/\/www.clinicaosteopatica.com\/en\/#\/schema\/logo\/image\/","url":"https:\/\/www.clinicaosteopatica.com\/wp-content\/uploads\/2023\/07\/LOGO-POSITIVO.jpg","contentUrl":"https:\/\/www.clinicaosteopatica.com\/wp-content\/uploads\/2023\/07\/LOGO-POSITIVO.jpg","width":1280,"height":577,"caption":"Cl\u00ednica Osteop\u00e1tica Dr David Ponce"},"image":{"@id":"https:\/\/www.clinicaosteopatica.com\/en\/#\/schema\/logo\/image\/"}}]}},"_links":{"self":[{"href":"https:\/\/www.clinicaosteopatica.com\/en\/wp-json\/wp\/v2\/product\/7170","targetHints":{"allow":["GET"]}}],"collection":[{"href":"https:\/\/www.clinicaosteopatica.com\/en\/wp-json\/wp\/v2\/product"}],"about":[{"href":"https:\/\/www.clinicaosteopatica.com\/en\/wp-json\/wp\/v2\/types\/product"}],"wp:featuredmedia":[{"embeddable":true,"href":"https:\/\/www.clinicaosteopatica.com\/en\/wp-json\/wp\/v2\/media\/7178"}],"wp:attachment":[{"href":"https:\/\/www.clinicaosteopatica.com\/en\/wp-json\/wp\/v2\/media?parent=7170"}],"wp:term":[{"taxonomy":"product_brand","embeddable":true,"href":"https:\/\/www.clinicaosteopatica.com\/en\/wp-json\/wp\/v2\/product_brand?post=7170"},{"taxonomy":"product_cat","embeddable":true,"href":"https:\/\/www.clinicaosteopatica.com\/en\/wp-json\/wp\/v2\/product_cat?post=7170"},{"taxonomy":"product_tag","embeddable":true,"href":"https:\/\/www.clinicaosteopatica.com\/en\/wp-json\/wp\/v2\/product_tag?post=7170"}],"curies":[{"name":"wp","href":"https:\/\/api.w.org\/{rel}","templated":true}]}}