{"id":5789,"date":"2023-10-04T07:24:11","date_gmt":"2023-10-04T07:24:11","guid":{"rendered":"https:\/\/www.clinicaosteopatica.com\/product\/visit\/"},"modified":"2023-10-04T08:36:44","modified_gmt":"2023-10-04T08:36:44","slug":"visit","status":"publish","type":"product","link":"https:\/\/www.clinicaosteopatica.com\/en\/product\/visit\/","title":{"rendered":"Visit"},"content":{"rendered":"","protected":false},"excerpt":{"rendered":"<p>Book a visit to our clinic here.<\/p>\n<p>Once the purchase is made, contact us to schedule the visit.<\/p>\n","protected":false},"featured_media":1558,"template":"","meta":[],"product_brand":[],"product_cat":[74],"product_tag":[],"class_list":{"0":"post-5789","1":"product","2":"type-product","3":"status-publish","4":"has-post-thumbnail","6":"product_cat-visit","8":"first","9":"instock","10":"virtual","11":"taxable","12":"purchasable","13":"product-type-simple"},"yoast_head":"<!-- This site is optimized with the Yoast SEO plugin v27.3 - https:\/\/yoast.com\/product\/yoast-seo-wordpress\/ -->\n<title>Visit - Cl\u00ednica Osteop\u00e1tica Dr David Ponce<\/title>\n<meta name=\"robots\" content=\"noindex, nofollow\" \/>\n<meta property=\"og:locale\" content=\"en_US\" \/>\n<meta property=\"og:type\" content=\"article\" \/>\n<meta property=\"og:title\" content=\"Visit - Cl\u00ednica Osteop\u00e1tica Dr David Ponce\" \/>\n<meta property=\"og:description\" content=\"Book a visit to our clinic here. Once the purchase is made, contact us to schedule the visit.\" \/>\n<meta property=\"og:url\" content=\"https:\/\/www.clinicaosteopatica.com\/en\/product\/visit\/\" \/>\n<meta property=\"og:site_name\" content=\"Cl\u00ednica Osteop\u00e1tica Dr David Ponce\" \/>\n<meta property=\"article:modified_time\" content=\"2023-10-04T08:36:44+00:00\" \/>\n<meta property=\"og:image\" content=\"https:\/\/18.101.113.156\/wp-content\/uploads\/2022\/11\/david-ponce-clinica-osteopatica-card.jpg\" \/>\n\t<meta property=\"og:image:width\" content=\"800\" \/>\n\t<meta property=\"og:image:height\" content=\"800\" \/>\n\t<meta property=\"og:image:type\" content=\"image\/jpeg\" \/>\n<meta name=\"twitter:card\" content=\"summary_large_image\" \/>\n<script type=\"application\/ld+json\" class=\"yoast-schema-graph\">{\"@context\":\"https:\\\/\\\/schema.org\",\"@graph\":[{\"@type\":\"WebPage\",\"@id\":\"https:\\\/\\\/www.clinicaosteopatica.com\\\/en\\\/product\\\/visit\\\/\",\"url\":\"https:\\\/\\\/www.clinicaosteopatica.com\\\/en\\\/product\\\/visit\\\/\",\"name\":\"Visit - Cl\u00ednica Osteop\u00e1tica Dr David Ponce\",\"isPartOf\":{\"@id\":\"https:\\\/\\\/www.clinicaosteopatica.com\\\/en\\\/#website\"},\"primaryImageOfPage\":{\"@id\":\"https:\\\/\\\/www.clinicaosteopatica.com\\\/en\\\/product\\\/visit\\\/#primaryimage\"},\"image\":{\"@id\":\"https:\\\/\\\/www.clinicaosteopatica.com\\\/en\\\/product\\\/visit\\\/#primaryimage\"},\"thumbnailUrl\":\"https:\\\/\\\/www.clinicaosteopatica.com\\\/wp-content\\\/uploads\\\/2022\\\/11\\\/david-ponce-clinica-osteopatica-card.jpg\",\"datePublished\":\"2023-10-04T07:24:11+00:00\",\"dateModified\":\"2023-10-04T08:36:44+00:00\",\"breadcrumb\":{\"@id\":\"https:\\\/\\\/www.clinicaosteopatica.com\\\/en\\\/product\\\/visit\\\/#breadcrumb\"},\"inLanguage\":\"en-US\",\"potentialAction\":[{\"@type\":\"ReadAction\",\"target\":[\"https:\\\/\\\/www.clinicaosteopatica.com\\\/en\\\/product\\\/visit\\\/\"]}]},{\"@type\":\"ImageObject\",\"inLanguage\":\"en-US\",\"@id\":\"https:\\\/\\\/www.clinicaosteopatica.com\\\/en\\\/product\\\/visit\\\/#primaryimage\",\"url\":\"https:\\\/\\\/www.clinicaosteopatica.com\\\/wp-content\\\/uploads\\\/2022\\\/11\\\/david-ponce-clinica-osteopatica-card.jpg\",\"contentUrl\":\"https:\\\/\\\/www.clinicaosteopatica.com\\\/wp-content\\\/uploads\\\/2022\\\/11\\\/david-ponce-clinica-osteopatica-card.jpg\",\"width\":800,\"height\":800},{\"@type\":\"BreadcrumbList\",\"@id\":\"https:\\\/\\\/www.clinicaosteopatica.com\\\/en\\\/product\\\/visit\\\/#breadcrumb\",\"itemListElement\":[{\"@type\":\"ListItem\",\"position\":1,\"name\":\"Home\",\"item\":\"https:\\\/\\\/www.clinicaosteopatica.com\\\/en\\\/\"},{\"@type\":\"ListItem\",\"position\":2,\"name\":\"Products\",\"item\":\"https:\\\/\\\/www.clinicaosteopatica.com\\\/en\\\/shop\\\/\"},{\"@type\":\"ListItem\",\"position\":3,\"name\":\"Visit\"}]},{\"@type\":\"WebSite\",\"@id\":\"https:\\\/\\\/www.clinicaosteopatica.com\\\/en\\\/#website\",\"url\":\"https:\\\/\\\/www.clinicaosteopatica.com\\\/en\\\/\",\"name\":\"Cl\u00ednica Osteop\u00e1tica Dr David Ponce\",\"description\":\"La primera Cl\u00ednica Integrativa de Osteopat\u00eda en Barcelona\",\"publisher\":{\"@id\":\"https:\\\/\\\/www.clinicaosteopatica.com\\\/en\\\/#organization\"},\"potentialAction\":[{\"@type\":\"SearchAction\",\"target\":{\"@type\":\"EntryPoint\",\"urlTemplate\":\"https:\\\/\\\/www.clinicaosteopatica.com\\\/en\\\/?s={search_term_string}\"},\"query-input\":{\"@type\":\"PropertyValueSpecification\",\"valueRequired\":true,\"valueName\":\"search_term_string\"}}],\"inLanguage\":\"en-US\"},{\"@type\":\"Organization\",\"@id\":\"https:\\\/\\\/www.clinicaosteopatica.com\\\/en\\\/#organization\",\"name\":\"Cl\u00ednica Osteop\u00e1tica Dr David Ponce\",\"url\":\"https:\\\/\\\/www.clinicaosteopatica.com\\\/en\\\/\",\"logo\":{\"@type\":\"ImageObject\",\"inLanguage\":\"en-US\",\"@id\":\"https:\\\/\\\/www.clinicaosteopatica.com\\\/en\\\/#\\\/schema\\\/logo\\\/image\\\/\",\"url\":\"https:\\\/\\\/www.clinicaosteopatica.com\\\/wp-content\\\/uploads\\\/2023\\\/07\\\/LOGO-POSITIVO.jpg\",\"contentUrl\":\"https:\\\/\\\/www.clinicaosteopatica.com\\\/wp-content\\\/uploads\\\/2023\\\/07\\\/LOGO-POSITIVO.jpg\",\"width\":1280,\"height\":577,\"caption\":\"Cl\u00ednica Osteop\u00e1tica Dr David Ponce\"},\"image\":{\"@id\":\"https:\\\/\\\/www.clinicaosteopatica.com\\\/en\\\/#\\\/schema\\\/logo\\\/image\\\/\"}}]}<\/script>\n<!-- \/ Yoast SEO plugin. -->","yoast_head_json":{"title":"Visit - Cl\u00ednica Osteop\u00e1tica Dr David Ponce","robots":{"index":"noindex","follow":"nofollow"},"og_locale":"en_US","og_type":"article","og_title":"Visit - Cl\u00ednica Osteop\u00e1tica Dr David Ponce","og_description":"Book a visit to our clinic here. Once the purchase is made, contact us to schedule the visit.","og_url":"https:\/\/www.clinicaosteopatica.com\/en\/product\/visit\/","og_site_name":"Cl\u00ednica Osteop\u00e1tica Dr David Ponce","article_modified_time":"2023-10-04T08:36:44+00:00","og_image":[{"width":800,"height":800,"url":"https:\/\/18.101.113.156\/wp-content\/uploads\/2022\/11\/david-ponce-clinica-osteopatica-card.jpg","type":"image\/jpeg"}],"twitter_card":"summary_large_image","schema":{"@context":"https:\/\/schema.org","@graph":[{"@type":"WebPage","@id":"https:\/\/www.clinicaosteopatica.com\/en\/product\/visit\/","url":"https:\/\/www.clinicaosteopatica.com\/en\/product\/visit\/","name":"Visit - Cl\u00ednica Osteop\u00e1tica Dr David Ponce","isPartOf":{"@id":"https:\/\/www.clinicaosteopatica.com\/en\/#website"},"primaryImageOfPage":{"@id":"https:\/\/www.clinicaosteopatica.com\/en\/product\/visit\/#primaryimage"},"image":{"@id":"https:\/\/www.clinicaosteopatica.com\/en\/product\/visit\/#primaryimage"},"thumbnailUrl":"https:\/\/www.clinicaosteopatica.com\/wp-content\/uploads\/2022\/11\/david-ponce-clinica-osteopatica-card.jpg","datePublished":"2023-10-04T07:24:11+00:00","dateModified":"2023-10-04T08:36:44+00:00","breadcrumb":{"@id":"https:\/\/www.clinicaosteopatica.com\/en\/product\/visit\/#breadcrumb"},"inLanguage":"en-US","potentialAction":[{"@type":"ReadAction","target":["https:\/\/www.clinicaosteopatica.com\/en\/product\/visit\/"]}]},{"@type":"ImageObject","inLanguage":"en-US","@id":"https:\/\/www.clinicaosteopatica.com\/en\/product\/visit\/#primaryimage","url":"https:\/\/www.clinicaosteopatica.com\/wp-content\/uploads\/2022\/11\/david-ponce-clinica-osteopatica-card.jpg","contentUrl":"https:\/\/www.clinicaosteopatica.com\/wp-content\/uploads\/2022\/11\/david-ponce-clinica-osteopatica-card.jpg","width":800,"height":800},{"@type":"BreadcrumbList","@id":"https:\/\/www.clinicaosteopatica.com\/en\/product\/visit\/#breadcrumb","itemListElement":[{"@type":"ListItem","position":1,"name":"Home","item":"https:\/\/www.clinicaosteopatica.com\/en\/"},{"@type":"ListItem","position":2,"name":"Products","item":"https:\/\/www.clinicaosteopatica.com\/en\/shop\/"},{"@type":"ListItem","position":3,"name":"Visit"}]},{"@type":"WebSite","@id":"https:\/\/www.clinicaosteopatica.com\/en\/#website","url":"https:\/\/www.clinicaosteopatica.com\/en\/","name":"Cl\u00ednica Osteop\u00e1tica Dr David Ponce","description":"La primera Cl\u00ednica Integrativa de Osteopat\u00eda en Barcelona","publisher":{"@id":"https:\/\/www.clinicaosteopatica.com\/en\/#organization"},"potentialAction":[{"@type":"SearchAction","target":{"@type":"EntryPoint","urlTemplate":"https:\/\/www.clinicaosteopatica.com\/en\/?s={search_term_string}"},"query-input":{"@type":"PropertyValueSpecification","valueRequired":true,"valueName":"search_term_string"}}],"inLanguage":"en-US"},{"@type":"Organization","@id":"https:\/\/www.clinicaosteopatica.com\/en\/#organization","name":"Cl\u00ednica Osteop\u00e1tica Dr David Ponce","url":"https:\/\/www.clinicaosteopatica.com\/en\/","logo":{"@type":"ImageObject","inLanguage":"en-US","@id":"https:\/\/www.clinicaosteopatica.com\/en\/#\/schema\/logo\/image\/","url":"https:\/\/www.clinicaosteopatica.com\/wp-content\/uploads\/2023\/07\/LOGO-POSITIVO.jpg","contentUrl":"https:\/\/www.clinicaosteopatica.com\/wp-content\/uploads\/2023\/07\/LOGO-POSITIVO.jpg","width":1280,"height":577,"caption":"Cl\u00ednica Osteop\u00e1tica Dr David Ponce"},"image":{"@id":"https:\/\/www.clinicaosteopatica.com\/en\/#\/schema\/logo\/image\/"}}]}},"_links":{"self":[{"href":"https:\/\/www.clinicaosteopatica.com\/en\/wp-json\/wp\/v2\/product\/5789","targetHints":{"allow":["GET"]}}],"collection":[{"href":"https:\/\/www.clinicaosteopatica.com\/en\/wp-json\/wp\/v2\/product"}],"about":[{"href":"https:\/\/www.clinicaosteopatica.com\/en\/wp-json\/wp\/v2\/types\/product"}],"wp:featuredmedia":[{"embeddable":true,"href":"https:\/\/www.clinicaosteopatica.com\/en\/wp-json\/wp\/v2\/media\/1558"}],"wp:attachment":[{"href":"https:\/\/www.clinicaosteopatica.com\/en\/wp-json\/wp\/v2\/media?parent=5789"}],"wp:term":[{"taxonomy":"product_brand","embeddable":true,"href":"https:\/\/www.clinicaosteopatica.com\/en\/wp-json\/wp\/v2\/product_brand?post=5789"},{"taxonomy":"product_cat","embeddable":true,"href":"https:\/\/www.clinicaosteopatica.com\/en\/wp-json\/wp\/v2\/product_cat?post=5789"},{"taxonomy":"product_tag","embeddable":true,"href":"https:\/\/www.clinicaosteopatica.com\/en\/wp-json\/wp\/v2\/product_tag?post=5789"}],"curies":[{"name":"wp","href":"https:\/\/api.w.org\/{rel}","templated":true}]}}