{"id":5514,"date":"2022-11-17T10:29:22","date_gmt":"2022-11-17T10:29:22","guid":{"rendered":"https:\/\/www.clinicaosteopatica.com\/product\/el-dolor-de-espalda-y-las-emociones-book\/"},"modified":"2023-07-26T06:08:41","modified_gmt":"2023-07-26T06:08:41","slug":"el-dolor-de-espalda-y-las-emociones-libro","status":"publish","type":"product","link":"https:\/\/www.clinicaosteopatica.com\/en\/product\/el-dolor-de-espalda-y-las-emociones-libro\/","title":{"rendered":"El Dolor de Espalda y las Emociones, book"},"content":{"rendered":"","protected":false},"excerpt":{"rendered":"<div data-v-809af916=\"\" data-v-7fdc4342=\"\">\n<div class=\"text-container\" data-v-809af916=\"\">\n<div class=\"formated-text\" data-v-7fdc4342=\"\" data-v-809af916=\"\">Back pain and emotions? Does this pain that has been tormenting you for a long time have to do with sadness, fear, dissatisfaction or stress&#8230;? Yes, and to a large extent. As Sir William Osler, considered the father of modern medicine, said: &#8220;The organs cry the tears that the eyes refuse to shed.&#8221; Have you suffered from low back pain for a long time and no one has been able to give you a solution? I already tell you that there are no magic formulas nor will you find them in this book. However, knowing the interrelation that exists between the skeleton, the muscular system and the brain provides valuable clues that can alleviate or even solve this pain.<\/div>\n<\/div>\n<\/div>\n","protected":false},"featured_media":5492,"template":"","meta":[],"product_brand":[],"product_cat":[66],"product_tag":[67],"class_list":{"0":"post-5514","1":"product","2":"type-product","3":"status-publish","4":"has-post-thumbnail","6":"product_cat-books","7":"product_tag-book","9":"first","10":"instock","11":"featured","12":"taxable","13":"shipping-taxable","14":"purchasable","15":"product-type-simple"},"yoast_head":"<!-- This site is optimized with the Yoast SEO plugin v27.3 - https:\/\/yoast.com\/product\/yoast-seo-wordpress\/ -->\n<title>El Dolor de Espalda y las Emociones, book - Cl\u00ednica Osteop\u00e1tica Dr David Ponce<\/title>\n<meta name=\"description\" content=\"Knowing the interrelationship between the skeleton, the muscular system and the brain provides valuable clues that can alleviate pain.\" \/>\n<meta name=\"robots\" content=\"index, follow, max-snippet:-1, max-image-preview:large, max-video-preview:-1\" \/>\n<link rel=\"canonical\" href=\"https:\/\/www.clinicaosteopatica.com\/en\/product\/el-dolor-de-espalda-y-las-emociones-libro\/\" \/>\n<meta property=\"og:locale\" content=\"en_US\" \/>\n<meta property=\"og:type\" content=\"article\" \/>\n<meta property=\"og:title\" content=\"El Dolor de Espalda y las Emociones, book - Cl\u00ednica Osteop\u00e1tica Dr David Ponce\" \/>\n<meta property=\"og:description\" content=\"Knowing the interrelationship between the skeleton, the muscular system and the brain provides valuable clues that can alleviate pain.\" \/>\n<meta property=\"og:url\" content=\"https:\/\/www.clinicaosteopatica.com\/en\/product\/el-dolor-de-espalda-y-las-emociones-libro\/\" \/>\n<meta property=\"og:site_name\" content=\"Cl\u00ednica Osteop\u00e1tica Dr David Ponce\" \/>\n<meta property=\"article:modified_time\" content=\"2023-07-26T06:08:41+00:00\" \/>\n<meta property=\"og:image\" content=\"https:\/\/www.clinicaosteopatica.com\/wp-content\/uploads\/2023\/07\/david-ponce-clinica-osteopatica-libro-el-dolor-espalda-001.jpg\" \/>\n\t<meta property=\"og:image:width\" content=\"800\" \/>\n\t<meta property=\"og:image:height\" content=\"800\" \/>\n\t<meta property=\"og:image:type\" content=\"image\/jpeg\" \/>\n<meta name=\"twitter:card\" content=\"summary_large_image\" \/>\n<script type=\"application\/ld+json\" class=\"yoast-schema-graph\">{\"@context\":\"https:\\\/\\\/schema.org\",\"@graph\":[{\"@type\":\"WebPage\",\"@id\":\"https:\\\/\\\/www.clinicaosteopatica.com\\\/en\\\/product\\\/el-dolor-de-espalda-y-las-emociones-libro\\\/\",\"url\":\"https:\\\/\\\/www.clinicaosteopatica.com\\\/en\\\/product\\\/el-dolor-de-espalda-y-las-emociones-libro\\\/\",\"name\":\"El Dolor de Espalda y las Emociones, book - Cl\u00ednica Osteop\u00e1tica Dr David Ponce\",\"isPartOf\":{\"@id\":\"https:\\\/\\\/www.clinicaosteopatica.com\\\/en\\\/#website\"},\"primaryImageOfPage\":{\"@id\":\"https:\\\/\\\/www.clinicaosteopatica.com\\\/en\\\/product\\\/el-dolor-de-espalda-y-las-emociones-libro\\\/#primaryimage\"},\"image\":{\"@id\":\"https:\\\/\\\/www.clinicaosteopatica.com\\\/en\\\/product\\\/el-dolor-de-espalda-y-las-emociones-libro\\\/#primaryimage\"},\"thumbnailUrl\":\"https:\\\/\\\/www.clinicaosteopatica.com\\\/wp-content\\\/uploads\\\/2023\\\/07\\\/david-ponce-clinica-osteopatica-libro-el-dolor-espalda-001.jpg\",\"datePublished\":\"2022-11-17T10:29:22+00:00\",\"dateModified\":\"2023-07-26T06:08:41+00:00\",\"description\":\"Knowing the interrelationship between the skeleton, the muscular system and the brain provides valuable clues that can alleviate pain.\",\"breadcrumb\":{\"@id\":\"https:\\\/\\\/www.clinicaosteopatica.com\\\/en\\\/product\\\/el-dolor-de-espalda-y-las-emociones-libro\\\/#breadcrumb\"},\"inLanguage\":\"en-US\",\"potentialAction\":[{\"@type\":\"ReadAction\",\"target\":[\"https:\\\/\\\/www.clinicaosteopatica.com\\\/en\\\/product\\\/el-dolor-de-espalda-y-las-emociones-libro\\\/\"]}]},{\"@type\":\"ImageObject\",\"inLanguage\":\"en-US\",\"@id\":\"https:\\\/\\\/www.clinicaosteopatica.com\\\/en\\\/product\\\/el-dolor-de-espalda-y-las-emociones-libro\\\/#primaryimage\",\"url\":\"https:\\\/\\\/www.clinicaosteopatica.com\\\/wp-content\\\/uploads\\\/2023\\\/07\\\/david-ponce-clinica-osteopatica-libro-el-dolor-espalda-001.jpg\",\"contentUrl\":\"https:\\\/\\\/www.clinicaosteopatica.com\\\/wp-content\\\/uploads\\\/2023\\\/07\\\/david-ponce-clinica-osteopatica-libro-el-dolor-espalda-001.jpg\",\"width\":800,\"height\":800},{\"@type\":\"BreadcrumbList\",\"@id\":\"https:\\\/\\\/www.clinicaosteopatica.com\\\/en\\\/product\\\/el-dolor-de-espalda-y-las-emociones-libro\\\/#breadcrumb\",\"itemListElement\":[{\"@type\":\"ListItem\",\"position\":1,\"name\":\"Home\",\"item\":\"https:\\\/\\\/www.clinicaosteopatica.com\\\/en\\\/\"},{\"@type\":\"ListItem\",\"position\":2,\"name\":\"Products\",\"item\":\"https:\\\/\\\/www.clinicaosteopatica.com\\\/en\\\/shop\\\/\"},{\"@type\":\"ListItem\",\"position\":3,\"name\":\"El Dolor de Espalda y las Emociones, book\"}]},{\"@type\":\"WebSite\",\"@id\":\"https:\\\/\\\/www.clinicaosteopatica.com\\\/en\\\/#website\",\"url\":\"https:\\\/\\\/www.clinicaosteopatica.com\\\/en\\\/\",\"name\":\"Cl\u00ednica Osteop\u00e1tica Dr David Ponce\",\"description\":\"La primera Cl\u00ednica Integrativa de Osteopat\u00eda en Barcelona\",\"publisher\":{\"@id\":\"https:\\\/\\\/www.clinicaosteopatica.com\\\/en\\\/#organization\"},\"potentialAction\":[{\"@type\":\"SearchAction\",\"target\":{\"@type\":\"EntryPoint\",\"urlTemplate\":\"https:\\\/\\\/www.clinicaosteopatica.com\\\/en\\\/?s={search_term_string}\"},\"query-input\":{\"@type\":\"PropertyValueSpecification\",\"valueRequired\":true,\"valueName\":\"search_term_string\"}}],\"inLanguage\":\"en-US\"},{\"@type\":\"Organization\",\"@id\":\"https:\\\/\\\/www.clinicaosteopatica.com\\\/en\\\/#organization\",\"name\":\"Cl\u00ednica Osteop\u00e1tica Dr David Ponce\",\"url\":\"https:\\\/\\\/www.clinicaosteopatica.com\\\/en\\\/\",\"logo\":{\"@type\":\"ImageObject\",\"inLanguage\":\"en-US\",\"@id\":\"https:\\\/\\\/www.clinicaosteopatica.com\\\/en\\\/#\\\/schema\\\/logo\\\/image\\\/\",\"url\":\"https:\\\/\\\/www.clinicaosteopatica.com\\\/wp-content\\\/uploads\\\/2023\\\/07\\\/LOGO-POSITIVO.jpg\",\"contentUrl\":\"https:\\\/\\\/www.clinicaosteopatica.com\\\/wp-content\\\/uploads\\\/2023\\\/07\\\/LOGO-POSITIVO.jpg\",\"width\":1280,\"height\":577,\"caption\":\"Cl\u00ednica Osteop\u00e1tica Dr David Ponce\"},\"image\":{\"@id\":\"https:\\\/\\\/www.clinicaosteopatica.com\\\/en\\\/#\\\/schema\\\/logo\\\/image\\\/\"}}]}<\/script>\n<!-- \/ Yoast SEO plugin. -->","yoast_head_json":{"title":"El Dolor de Espalda y las Emociones, book - Cl\u00ednica Osteop\u00e1tica Dr David Ponce","description":"Knowing the interrelationship between the skeleton, the muscular system and the brain provides valuable clues that can alleviate pain.","robots":{"index":"index","follow":"follow","max-snippet":"max-snippet:-1","max-image-preview":"max-image-preview:large","max-video-preview":"max-video-preview:-1"},"canonical":"https:\/\/www.clinicaosteopatica.com\/en\/product\/el-dolor-de-espalda-y-las-emociones-libro\/","og_locale":"en_US","og_type":"article","og_title":"El Dolor de Espalda y las Emociones, book - Cl\u00ednica Osteop\u00e1tica Dr David Ponce","og_description":"Knowing the interrelationship between the skeleton, the muscular system and the brain provides valuable clues that can alleviate pain.","og_url":"https:\/\/www.clinicaosteopatica.com\/en\/product\/el-dolor-de-espalda-y-las-emociones-libro\/","og_site_name":"Cl\u00ednica Osteop\u00e1tica Dr David Ponce","article_modified_time":"2023-07-26T06:08:41+00:00","og_image":[{"width":800,"height":800,"url":"https:\/\/www.clinicaosteopatica.com\/wp-content\/uploads\/2023\/07\/david-ponce-clinica-osteopatica-libro-el-dolor-espalda-001.jpg","type":"image\/jpeg"}],"twitter_card":"summary_large_image","schema":{"@context":"https:\/\/schema.org","@graph":[{"@type":"WebPage","@id":"https:\/\/www.clinicaosteopatica.com\/en\/product\/el-dolor-de-espalda-y-las-emociones-libro\/","url":"https:\/\/www.clinicaosteopatica.com\/en\/product\/el-dolor-de-espalda-y-las-emociones-libro\/","name":"El Dolor de Espalda y las Emociones, book - Cl\u00ednica Osteop\u00e1tica Dr David Ponce","isPartOf":{"@id":"https:\/\/www.clinicaosteopatica.com\/en\/#website"},"primaryImageOfPage":{"@id":"https:\/\/www.clinicaosteopatica.com\/en\/product\/el-dolor-de-espalda-y-las-emociones-libro\/#primaryimage"},"image":{"@id":"https:\/\/www.clinicaosteopatica.com\/en\/product\/el-dolor-de-espalda-y-las-emociones-libro\/#primaryimage"},"thumbnailUrl":"https:\/\/www.clinicaosteopatica.com\/wp-content\/uploads\/2023\/07\/david-ponce-clinica-osteopatica-libro-el-dolor-espalda-001.jpg","datePublished":"2022-11-17T10:29:22+00:00","dateModified":"2023-07-26T06:08:41+00:00","description":"Knowing the interrelationship between the skeleton, the muscular system and the brain provides valuable clues that can alleviate pain.","breadcrumb":{"@id":"https:\/\/www.clinicaosteopatica.com\/en\/product\/el-dolor-de-espalda-y-las-emociones-libro\/#breadcrumb"},"inLanguage":"en-US","potentialAction":[{"@type":"ReadAction","target":["https:\/\/www.clinicaosteopatica.com\/en\/product\/el-dolor-de-espalda-y-las-emociones-libro\/"]}]},{"@type":"ImageObject","inLanguage":"en-US","@id":"https:\/\/www.clinicaosteopatica.com\/en\/product\/el-dolor-de-espalda-y-las-emociones-libro\/#primaryimage","url":"https:\/\/www.clinicaosteopatica.com\/wp-content\/uploads\/2023\/07\/david-ponce-clinica-osteopatica-libro-el-dolor-espalda-001.jpg","contentUrl":"https:\/\/www.clinicaosteopatica.com\/wp-content\/uploads\/2023\/07\/david-ponce-clinica-osteopatica-libro-el-dolor-espalda-001.jpg","width":800,"height":800},{"@type":"BreadcrumbList","@id":"https:\/\/www.clinicaosteopatica.com\/en\/product\/el-dolor-de-espalda-y-las-emociones-libro\/#breadcrumb","itemListElement":[{"@type":"ListItem","position":1,"name":"Home","item":"https:\/\/www.clinicaosteopatica.com\/en\/"},{"@type":"ListItem","position":2,"name":"Products","item":"https:\/\/www.clinicaosteopatica.com\/en\/shop\/"},{"@type":"ListItem","position":3,"name":"El Dolor de Espalda y las Emociones, book"}]},{"@type":"WebSite","@id":"https:\/\/www.clinicaosteopatica.com\/en\/#website","url":"https:\/\/www.clinicaosteopatica.com\/en\/","name":"Cl\u00ednica Osteop\u00e1tica Dr David Ponce","description":"La primera Cl\u00ednica Integrativa de Osteopat\u00eda en Barcelona","publisher":{"@id":"https:\/\/www.clinicaosteopatica.com\/en\/#organization"},"potentialAction":[{"@type":"SearchAction","target":{"@type":"EntryPoint","urlTemplate":"https:\/\/www.clinicaosteopatica.com\/en\/?s={search_term_string}"},"query-input":{"@type":"PropertyValueSpecification","valueRequired":true,"valueName":"search_term_string"}}],"inLanguage":"en-US"},{"@type":"Organization","@id":"https:\/\/www.clinicaosteopatica.com\/en\/#organization","name":"Cl\u00ednica Osteop\u00e1tica Dr David Ponce","url":"https:\/\/www.clinicaosteopatica.com\/en\/","logo":{"@type":"ImageObject","inLanguage":"en-US","@id":"https:\/\/www.clinicaosteopatica.com\/en\/#\/schema\/logo\/image\/","url":"https:\/\/www.clinicaosteopatica.com\/wp-content\/uploads\/2023\/07\/LOGO-POSITIVO.jpg","contentUrl":"https:\/\/www.clinicaosteopatica.com\/wp-content\/uploads\/2023\/07\/LOGO-POSITIVO.jpg","width":1280,"height":577,"caption":"Cl\u00ednica Osteop\u00e1tica Dr David Ponce"},"image":{"@id":"https:\/\/www.clinicaosteopatica.com\/en\/#\/schema\/logo\/image\/"}}]}},"_links":{"self":[{"href":"https:\/\/www.clinicaosteopatica.com\/en\/wp-json\/wp\/v2\/product\/5514","targetHints":{"allow":["GET"]}}],"collection":[{"href":"https:\/\/www.clinicaosteopatica.com\/en\/wp-json\/wp\/v2\/product"}],"about":[{"href":"https:\/\/www.clinicaosteopatica.com\/en\/wp-json\/wp\/v2\/types\/product"}],"wp:featuredmedia":[{"embeddable":true,"href":"https:\/\/www.clinicaosteopatica.com\/en\/wp-json\/wp\/v2\/media\/5492"}],"wp:attachment":[{"href":"https:\/\/www.clinicaosteopatica.com\/en\/wp-json\/wp\/v2\/media?parent=5514"}],"wp:term":[{"taxonomy":"product_brand","embeddable":true,"href":"https:\/\/www.clinicaosteopatica.com\/en\/wp-json\/wp\/v2\/product_brand?post=5514"},{"taxonomy":"product_cat","embeddable":true,"href":"https:\/\/www.clinicaosteopatica.com\/en\/wp-json\/wp\/v2\/product_cat?post=5514"},{"taxonomy":"product_tag","embeddable":true,"href":"https:\/\/www.clinicaosteopatica.com\/en\/wp-json\/wp\/v2\/product_tag?post=5514"}],"curies":[{"name":"wp","href":"https:\/\/api.w.org\/{rel}","templated":true}]}}