{"id":5595,"date":"2023-07-26T06:24:49","date_gmt":"2023-07-26T06:24:49","guid":{"rendered":"https:\/\/www.clinicaosteopatica.com\/?post_type=product&#038;p=5595"},"modified":"2023-08-03T09:49:26","modified_gmt":"2023-08-03T09:49:26","slug":"ultralife-complex","status":"publish","type":"product","link":"https:\/\/www.clinicaosteopatica.com\/ca\/producte\/ultralife-complex\/","title":{"rendered":"Ultralife Complex"},"content":{"rendered":"","protected":false},"excerpt":{"rendered":"<p style=\"font-weight: 400;\">Si est\u00e0s buscant un antiinflamatori natural que pugui ajudar-te en el teu dolor diari d&#8217;articulacions, musculatura o inflamaci\u00f3 metab\u00f2lica, sense efectes secundaris tenim la f\u00f3rmula. \u00c9s una combinaci\u00f3 de plantes i amino\u00e0cids i minerals que t&#8217;ajudar\u00e0 a controlar els teus nivells d&#8217;inflamaci\u00f3 de manera natural.<\/p>\n","protected":false},"featured_media":5504,"template":"","meta":[],"product_brand":[],"product_cat":[68],"product_tag":[],"class_list":{"0":"post-5595","1":"product","2":"type-product","3":"status-publish","4":"has-post-thumbnail","6":"product_cat-productes","8":"first","9":"instock","10":"featured","11":"taxable","12":"shipping-taxable","13":"purchasable","14":"product-type-simple"},"yoast_head":"<!-- This site is optimized with the Yoast SEO plugin v27.3 - https:\/\/yoast.com\/product\/yoast-seo-wordpress\/ -->\n<title>Ultralife Complex - Cl\u00ednica Osteop\u00e1tica Dr David Ponce<\/title>\n<meta name=\"description\" content=\"\u00c9s una combinaci\u00f3 de plantes i amino\u00e0cids i minerals que t&#039;ajudar\u00e0 a controlar els teus nivells d&#039;inflamaci\u00f3 de manera natural.\" \/>\n<meta name=\"robots\" content=\"index, follow, max-snippet:-1, max-image-preview:large, max-video-preview:-1\" \/>\n<link rel=\"canonical\" href=\"https:\/\/www.clinicaosteopatica.com\/ca\/producte\/ultralife-complex\/\" \/>\n<meta property=\"og:locale\" content=\"ca_ES\" \/>\n<meta property=\"og:type\" content=\"article\" \/>\n<meta property=\"og:title\" content=\"Ultralife Complex - Cl\u00ednica Osteop\u00e1tica Dr David Ponce\" \/>\n<meta property=\"og:description\" content=\"\u00c9s una combinaci\u00f3 de plantes i amino\u00e0cids i minerals que t&#039;ajudar\u00e0 a controlar els teus nivells d&#039;inflamaci\u00f3 de manera natural.\" \/>\n<meta property=\"og:url\" content=\"https:\/\/www.clinicaosteopatica.com\/ca\/producte\/ultralife-complex\/\" \/>\n<meta property=\"og:site_name\" content=\"Cl\u00ednica Osteop\u00e1tica Dr David Ponce\" \/>\n<meta property=\"article:modified_time\" content=\"2023-08-03T09:49:26+00:00\" \/>\n<meta property=\"og:image\" content=\"https:\/\/18.101.113.156\/wp-content\/uploads\/2023\/07\/david-ponce-clinica-osteopatica-ultra-life-001.jpg\" \/>\n\t<meta property=\"og:image:width\" content=\"800\" \/>\n\t<meta property=\"og:image:height\" content=\"800\" \/>\n\t<meta property=\"og:image:type\" content=\"image\/jpeg\" \/>\n<meta name=\"twitter:card\" content=\"summary_large_image\" \/>\n<script type=\"application\/ld+json\" class=\"yoast-schema-graph\">{\"@context\":\"https:\\\/\\\/schema.org\",\"@graph\":[{\"@type\":\"WebPage\",\"@id\":\"https:\\\/\\\/www.clinicaosteopatica.com\\\/ca\\\/producte\\\/ultralife-complex\\\/\",\"url\":\"https:\\\/\\\/www.clinicaosteopatica.com\\\/ca\\\/producte\\\/ultralife-complex\\\/\",\"name\":\"Ultralife Complex - Cl\u00ednica Osteop\u00e1tica Dr David Ponce\",\"isPartOf\":{\"@id\":\"https:\\\/\\\/www.clinicaosteopatica.com\\\/ca\\\/#website\"},\"primaryImageOfPage\":{\"@id\":\"https:\\\/\\\/www.clinicaosteopatica.com\\\/ca\\\/producte\\\/ultralife-complex\\\/#primaryimage\"},\"image\":{\"@id\":\"https:\\\/\\\/www.clinicaosteopatica.com\\\/ca\\\/producte\\\/ultralife-complex\\\/#primaryimage\"},\"thumbnailUrl\":\"https:\\\/\\\/www.clinicaosteopatica.com\\\/wp-content\\\/uploads\\\/2023\\\/07\\\/david-ponce-clinica-osteopatica-ultra-life-001.jpg\",\"datePublished\":\"2023-07-26T06:24:49+00:00\",\"dateModified\":\"2023-08-03T09:49:26+00:00\",\"description\":\"\u00c9s una combinaci\u00f3 de plantes i amino\u00e0cids i minerals que t'ajudar\u00e0 a controlar els teus nivells d'inflamaci\u00f3 de manera natural.\",\"breadcrumb\":{\"@id\":\"https:\\\/\\\/www.clinicaosteopatica.com\\\/ca\\\/producte\\\/ultralife-complex\\\/#breadcrumb\"},\"inLanguage\":\"ca\",\"potentialAction\":[{\"@type\":\"ReadAction\",\"target\":[\"https:\\\/\\\/www.clinicaosteopatica.com\\\/ca\\\/producte\\\/ultralife-complex\\\/\"]}]},{\"@type\":\"ImageObject\",\"inLanguage\":\"ca\",\"@id\":\"https:\\\/\\\/www.clinicaosteopatica.com\\\/ca\\\/producte\\\/ultralife-complex\\\/#primaryimage\",\"url\":\"https:\\\/\\\/www.clinicaosteopatica.com\\\/wp-content\\\/uploads\\\/2023\\\/07\\\/david-ponce-clinica-osteopatica-ultra-life-001.jpg\",\"contentUrl\":\"https:\\\/\\\/www.clinicaosteopatica.com\\\/wp-content\\\/uploads\\\/2023\\\/07\\\/david-ponce-clinica-osteopatica-ultra-life-001.jpg\",\"width\":800,\"height\":800},{\"@type\":\"BreadcrumbList\",\"@id\":\"https:\\\/\\\/www.clinicaosteopatica.com\\\/ca\\\/producte\\\/ultralife-complex\\\/#breadcrumb\",\"itemListElement\":[{\"@type\":\"ListItem\",\"position\":1,\"name\":\"Home\",\"item\":\"https:\\\/\\\/www.clinicaosteopatica.com\\\/ca\\\/\"},{\"@type\":\"ListItem\",\"position\":2,\"name\":\"Productes\",\"item\":\"https:\\\/\\\/www.clinicaosteopatica.com\\\/ca\\\/shop\\\/\"},{\"@type\":\"ListItem\",\"position\":3,\"name\":\"Ultralife Complex\"}]},{\"@type\":\"WebSite\",\"@id\":\"https:\\\/\\\/www.clinicaosteopatica.com\\\/ca\\\/#website\",\"url\":\"https:\\\/\\\/www.clinicaosteopatica.com\\\/ca\\\/\",\"name\":\"Cl\u00ednica Osteop\u00e1tica Dr David Ponce\",\"description\":\"La primera Cl\u00ednica Integrativa de Osteopat\u00eda en Barcelona\",\"publisher\":{\"@id\":\"https:\\\/\\\/www.clinicaosteopatica.com\\\/ca\\\/#organization\"},\"potentialAction\":[{\"@type\":\"SearchAction\",\"target\":{\"@type\":\"EntryPoint\",\"urlTemplate\":\"https:\\\/\\\/www.clinicaosteopatica.com\\\/ca\\\/?s={search_term_string}\"},\"query-input\":{\"@type\":\"PropertyValueSpecification\",\"valueRequired\":true,\"valueName\":\"search_term_string\"}}],\"inLanguage\":\"ca\"},{\"@type\":\"Organization\",\"@id\":\"https:\\\/\\\/www.clinicaosteopatica.com\\\/ca\\\/#organization\",\"name\":\"Cl\u00ednica Osteop\u00e1tica Dr David Ponce\",\"url\":\"https:\\\/\\\/www.clinicaosteopatica.com\\\/ca\\\/\",\"logo\":{\"@type\":\"ImageObject\",\"inLanguage\":\"ca\",\"@id\":\"https:\\\/\\\/www.clinicaosteopatica.com\\\/ca\\\/#\\\/schema\\\/logo\\\/image\\\/\",\"url\":\"https:\\\/\\\/www.clinicaosteopatica.com\\\/wp-content\\\/uploads\\\/2023\\\/07\\\/LOGO-POSITIVO.jpg\",\"contentUrl\":\"https:\\\/\\\/www.clinicaosteopatica.com\\\/wp-content\\\/uploads\\\/2023\\\/07\\\/LOGO-POSITIVO.jpg\",\"width\":1280,\"height\":577,\"caption\":\"Cl\u00ednica Osteop\u00e1tica Dr David Ponce\"},\"image\":{\"@id\":\"https:\\\/\\\/www.clinicaosteopatica.com\\\/ca\\\/#\\\/schema\\\/logo\\\/image\\\/\"}}]}<\/script>\n<!-- \/ Yoast SEO plugin. -->","yoast_head_json":{"title":"Ultralife Complex - Cl\u00ednica Osteop\u00e1tica Dr David Ponce","description":"\u00c9s una combinaci\u00f3 de plantes i amino\u00e0cids i minerals que t'ajudar\u00e0 a controlar els teus nivells d'inflamaci\u00f3 de manera natural.","robots":{"index":"index","follow":"follow","max-snippet":"max-snippet:-1","max-image-preview":"max-image-preview:large","max-video-preview":"max-video-preview:-1"},"canonical":"https:\/\/www.clinicaosteopatica.com\/ca\/producte\/ultralife-complex\/","og_locale":"ca_ES","og_type":"article","og_title":"Ultralife Complex - Cl\u00ednica Osteop\u00e1tica Dr David Ponce","og_description":"\u00c9s una combinaci\u00f3 de plantes i amino\u00e0cids i minerals que t'ajudar\u00e0 a controlar els teus nivells d'inflamaci\u00f3 de manera natural.","og_url":"https:\/\/www.clinicaosteopatica.com\/ca\/producte\/ultralife-complex\/","og_site_name":"Cl\u00ednica Osteop\u00e1tica Dr David Ponce","article_modified_time":"2023-08-03T09:49:26+00:00","og_image":[{"width":800,"height":800,"url":"https:\/\/18.101.113.156\/wp-content\/uploads\/2023\/07\/david-ponce-clinica-osteopatica-ultra-life-001.jpg","type":"image\/jpeg"}],"twitter_card":"summary_large_image","schema":{"@context":"https:\/\/schema.org","@graph":[{"@type":"WebPage","@id":"https:\/\/www.clinicaosteopatica.com\/ca\/producte\/ultralife-complex\/","url":"https:\/\/www.clinicaosteopatica.com\/ca\/producte\/ultralife-complex\/","name":"Ultralife Complex - Cl\u00ednica Osteop\u00e1tica Dr David Ponce","isPartOf":{"@id":"https:\/\/www.clinicaosteopatica.com\/ca\/#website"},"primaryImageOfPage":{"@id":"https:\/\/www.clinicaosteopatica.com\/ca\/producte\/ultralife-complex\/#primaryimage"},"image":{"@id":"https:\/\/www.clinicaosteopatica.com\/ca\/producte\/ultralife-complex\/#primaryimage"},"thumbnailUrl":"https:\/\/www.clinicaosteopatica.com\/wp-content\/uploads\/2023\/07\/david-ponce-clinica-osteopatica-ultra-life-001.jpg","datePublished":"2023-07-26T06:24:49+00:00","dateModified":"2023-08-03T09:49:26+00:00","description":"\u00c9s una combinaci\u00f3 de plantes i amino\u00e0cids i minerals que t'ajudar\u00e0 a controlar els teus nivells d'inflamaci\u00f3 de manera natural.","breadcrumb":{"@id":"https:\/\/www.clinicaosteopatica.com\/ca\/producte\/ultralife-complex\/#breadcrumb"},"inLanguage":"ca","potentialAction":[{"@type":"ReadAction","target":["https:\/\/www.clinicaosteopatica.com\/ca\/producte\/ultralife-complex\/"]}]},{"@type":"ImageObject","inLanguage":"ca","@id":"https:\/\/www.clinicaosteopatica.com\/ca\/producte\/ultralife-complex\/#primaryimage","url":"https:\/\/www.clinicaosteopatica.com\/wp-content\/uploads\/2023\/07\/david-ponce-clinica-osteopatica-ultra-life-001.jpg","contentUrl":"https:\/\/www.clinicaosteopatica.com\/wp-content\/uploads\/2023\/07\/david-ponce-clinica-osteopatica-ultra-life-001.jpg","width":800,"height":800},{"@type":"BreadcrumbList","@id":"https:\/\/www.clinicaosteopatica.com\/ca\/producte\/ultralife-complex\/#breadcrumb","itemListElement":[{"@type":"ListItem","position":1,"name":"Home","item":"https:\/\/www.clinicaosteopatica.com\/ca\/"},{"@type":"ListItem","position":2,"name":"Productes","item":"https:\/\/www.clinicaosteopatica.com\/ca\/shop\/"},{"@type":"ListItem","position":3,"name":"Ultralife Complex"}]},{"@type":"WebSite","@id":"https:\/\/www.clinicaosteopatica.com\/ca\/#website","url":"https:\/\/www.clinicaosteopatica.com\/ca\/","name":"Cl\u00ednica Osteop\u00e1tica Dr David Ponce","description":"La primera Cl\u00ednica Integrativa de Osteopat\u00eda en Barcelona","publisher":{"@id":"https:\/\/www.clinicaosteopatica.com\/ca\/#organization"},"potentialAction":[{"@type":"SearchAction","target":{"@type":"EntryPoint","urlTemplate":"https:\/\/www.clinicaosteopatica.com\/ca\/?s={search_term_string}"},"query-input":{"@type":"PropertyValueSpecification","valueRequired":true,"valueName":"search_term_string"}}],"inLanguage":"ca"},{"@type":"Organization","@id":"https:\/\/www.clinicaosteopatica.com\/ca\/#organization","name":"Cl\u00ednica Osteop\u00e1tica Dr David Ponce","url":"https:\/\/www.clinicaosteopatica.com\/ca\/","logo":{"@type":"ImageObject","inLanguage":"ca","@id":"https:\/\/www.clinicaosteopatica.com\/ca\/#\/schema\/logo\/image\/","url":"https:\/\/www.clinicaosteopatica.com\/wp-content\/uploads\/2023\/07\/LOGO-POSITIVO.jpg","contentUrl":"https:\/\/www.clinicaosteopatica.com\/wp-content\/uploads\/2023\/07\/LOGO-POSITIVO.jpg","width":1280,"height":577,"caption":"Cl\u00ednica Osteop\u00e1tica Dr David Ponce"},"image":{"@id":"https:\/\/www.clinicaosteopatica.com\/ca\/#\/schema\/logo\/image\/"}}]}},"_links":{"self":[{"href":"https:\/\/www.clinicaosteopatica.com\/ca\/wp-json\/wp\/v2\/product\/5595","targetHints":{"allow":["GET"]}}],"collection":[{"href":"https:\/\/www.clinicaosteopatica.com\/ca\/wp-json\/wp\/v2\/product"}],"about":[{"href":"https:\/\/www.clinicaosteopatica.com\/ca\/wp-json\/wp\/v2\/types\/product"}],"wp:featuredmedia":[{"embeddable":true,"href":"https:\/\/www.clinicaosteopatica.com\/ca\/wp-json\/wp\/v2\/media\/5504"}],"wp:attachment":[{"href":"https:\/\/www.clinicaosteopatica.com\/ca\/wp-json\/wp\/v2\/media?parent=5595"}],"wp:term":[{"taxonomy":"product_brand","embeddable":true,"href":"https:\/\/www.clinicaosteopatica.com\/ca\/wp-json\/wp\/v2\/product_brand?post=5595"},{"taxonomy":"product_cat","embeddable":true,"href":"https:\/\/www.clinicaosteopatica.com\/ca\/wp-json\/wp\/v2\/product_cat?post=5595"},{"taxonomy":"product_tag","embeddable":true,"href":"https:\/\/www.clinicaosteopatica.com\/ca\/wp-json\/wp\/v2\/product_tag?post=5595"}],"curies":[{"name":"wp","href":"https:\/\/api.w.org\/{rel}","templated":true}]}}